{"id":10380,"date":"2016-11-25T11:33:09","date_gmt":"2016-11-25T16:33:09","guid":{"rendered":"http:\/\/pier21am.local.humanequation.co\/fr\/about-us\/"},"modified":"2025-06-18T15:45:39","modified_gmt":"2025-06-18T19:45:39","slug":"a-propos-de-nous","status":"publish","type":"page","link":"http:\/\/mail.pier21am.com\/fr\/a-propos-de-nous\/","title":{"rendered":"Notre compagnie"},"content":{"rendered":"<div class=\"row \"><div class=\"wpv-grid grid-1-1  wpv-first-level first unextended\" style=\"padding-top:0px;padding-bottom:0px\" id=\"wpv-column-6e11fd474dcad53e54c9eefc1995c41a\" ><div class=\"row \"><div class=\"wpv-grid grid-1-1  first unextended animation-from-bottom animated-active\" style=\"padding-top:0px;padding-bottom:0px\" id=\"wpv-column-5695c6d1b806ef84ee002eff18757e04\" ><p style=\"text-align: center;\">David M. Star a fond\u00e9 Pier 21 Asset Management en 2005 avec pour mission d&rsquo;offrir aux investisseurs institutionnels un acc\u00e8s \u00e0 une plus grande s\u00e9lection de solutions de placement mondiales \u00e9prouv\u00e9es qui ne sont pas disponibles au Canada. V\u00e9ritable pionnier, David a \u00e9tabli des relations exclusives avec certains des gestionnaires financiers les plus uniques et les plus comp\u00e9tents au monde, mettant ainsi leurs talents au service de Pier 21. Sa capacit\u00e9 \u00e0 identifier et \u00e0 collaborer avec des professionnels de haut niveau t\u00e9moigne de sa perspicacit\u00e9 et de son engagement envers l&rsquo;excellence.<\/p>\n<p style=\"text-align: center;\">David \u00e9tait non seulement un leader visionnaire, mais aussi l&rsquo;architecte de la mission et des valeurs de Pier 21. David a veill\u00e9 \u00e0 ce que Pier 21 maintienne les plus hauts standards d&rsquo;int\u00e9grit\u00e9 et d&rsquo;excellence. Sa vision et ses principes continuent de d\u00e9finir l&rsquo;organisation, la guidant vers un avenir b\u00e2ti sur les fondations qu&rsquo;il a pos\u00e9es.<\/p>\n<p style=\"text-align: center;\">La vision strat\u00e9gique et le d\u00e9vouement de David ont contribu\u00e9 \u00e0 faire de Pier 21 un leader dans le secteur canadien de l&rsquo;investissement. Plus que jamais, Pier 21 est d\u00e9termin\u00e9 \u00e0 demeurer la passerelle canadienne vers les occasions de placement mondiales.<\/div><\/div><\/div><\/div>\n<div class=\"row \"><div class=\"wpv-grid grid-1-1  wpv-first-level first unextended animation-fade-in animated-active\" style=\"padding-top:0px;padding-bottom:0px\" id=\"wpv-column-7aae7b3441ffb5e02d8a808b9e60d901\" >\t\t<h2 class=\"text-divider-double\">\t\t\t\n\u00c0 propos de nous\t\t<\/h2>\t\t<div class=\"sep\"><\/div>\t<\/div><\/div>\n<div class=\"row \"><div class=\"wpv-grid grid-1-1  wpv-first-level first unextended\" style=\"padding-top:0px;padding-bottom:0px\" id=\"wpv-column-d63c43332bbf7bb26e04fa7a056f3997\" ><div class=\"row \"><div class=\"wpv-grid grid-1-1  first unextended animation-from-bottom animated-active\" style=\"padding-top:0px;padding-bottom:0px\" id=\"wpv-column-3e6eb7906bfedd3686edd4da2b6a33ea\" ><p style=\"text-align: center;\">Fi\u00e8re de ses racines et de son h\u00e9ritage canadien, Pier 21 Asset Management est une soci\u00e9t\u00e9 ind\u00e9pendante de gestion et de distribution d&rsquo;actifs dont le si\u00e8ge social est situ\u00e9 \u00e0 Montr\u00e9al. Pier 21 travaille avec des gestionnaires de placements \u00e9tablis et sp\u00e9cialis\u00e9s du monde entier, qui ne sont pas disponibles au Canada, afin de fournir des services de gestion de placements de calibre mondial \u00e0 des r\u00e9gimes de retraite, des fondations, des fonds de dotation, des compagnies d&rsquo;assurance et des cabinets de gestion de patrimoine familial.<\/p>\n<p style=\"text-align: center;\">Nous nous concentrons sur des mandats visant les march\u00e9s mondiaux et \u00e9mergents, et ce, uniquement pour le march\u00e9 institutionnel canadien. Les investisseurs institutionnels peuvent acc\u00e9der \u00e0 nos strat\u00e9gies au moyen de multiples plateformes. Notre soci\u00e9t\u00e9 est inscrite au registre des valeurs mobili\u00e8res en tant que gestionnaire de portefeuille, courtier sur le march\u00e9 dispens\u00e9 et gestionnaire de fonds d\u2019investissement.<\/p>\n<p style=\"text-align: center;\">Pier 21 offre ses strat\u00e9gies de placement sous forme de fonds communs domicili\u00e9s au Canada, de comptes distincts ou de portefeuilles mod\u00e8les \u2018ADR\u2019.<\/p>\n<p style=\"text-align: center;\">Nous attribuons le succ\u00e8s de notre compagnie \u00e0 notre engagement envers l\u2019int\u00e9grit\u00e9, l\u2019imputabilit\u00e9 et l\u2019excellence.<\/div><\/div><\/div><\/div>\n<div class=\"row \"><div class=\"wpv-grid grid-1-1  wpv-first-level first unextended animation-fade-in animated-active\" style=\"padding-top:0px;padding-bottom:0px\" id=\"wpv-column-19844f6a472a0a45c8cbef17e964416d\" >\t\t<h2 class=\"text-divider-double\">\t\t\t\nMission et valeurs de notre entreprise\t\t<\/h2>\t\t<div class=\"sep\"><\/div>\t<\/div><\/div>\n<div class=\"row \"><div class=\"wpv-grid grid-1-1  wpv-first-level first has-background unextended\" style=\"background-color:#fff;padding-top:0px;padding-bottom:0px\" id=\"wpv-column-e69f8d241a4843281edb2e3efc77ae92\" ><style>#wpv-column-e69f8d241a4843281edb2e3efc77ae92 p,#wpv-column-e69f8d241a4843281edb2e3efc77ae92 em,#wpv-column-e69f8d241a4843281edb2e3efc77ae92 .column-title,#wpv-column-e69f8d241a4843281edb2e3efc77ae92 .sep-text h2.regular-title-wrapper,#wpv-column-e69f8d241a4843281edb2e3efc77ae92 .text-divider-double,#wpv-column-e69f8d241a4843281edb2e3efc77ae92 .sep-text .sep-text-line,#wpv-column-e69f8d241a4843281edb2e3efc77ae92 .sep,#wpv-column-e69f8d241a4843281edb2e3efc77ae92 .sep-2,#wpv-column-e69f8d241a4843281edb2e3efc77ae92 .sep-3,#wpv-column-e69f8d241a4843281edb2e3efc77ae92 td,#wpv-column-e69f8d241a4843281edb2e3efc77ae92 th,#wpv-column-e69f8d241a4843281edb2e3efc77ae92 caption{color:#808080;}#wpv-column-e69f8d241a4843281edb2e3efc77ae92:before{background-color:transparent;}<\/style><div class=\"row \"><div class=\"wpv-grid grid-1-1  first unextended animation-from-bottom animated-active\" style=\"padding-top:0px;padding-bottom:0px\" id=\"wpv-column-b5b942325c603f71c45ed81b3f8a8417\" ><p style=\"text-align: center;\">La mission de Pier\u00a021 est d&rsquo;offrir des solutions de placement mondiales de qualit\u00e9, qui r\u00e9pondent aux besoins et aux attentes des clients, en cr\u00e9ant un point d\u2019acc\u00e8s unique \u00e0 l\u2019\u00e9chelle nationale vers une plus vaste s\u00e9lection de solutions \u00e9prouv\u00e9es de gestion de placements.<\/p>\n<p style=\"text-align: center;\"><strong>Notre engagement\u00a0:<\/strong> Nous sommes r\u00e9solus \u00e0 respecter les normes les plus rigoureuses en mati\u00e8re d\u2019\u00e9thique et d\u2019imputabilit\u00e9e, et ce, sans compromis.<\/p>\n<p style=\"text-align: center;\"><strong>Notre culture\u00a0: <\/strong> Nous favorisons un environnement d\u2019innovation et de valeurs d\u2019\u00e9quipe o\u00f9 les bonnes id\u00e9es sont encourag\u00e9es et le bon sens l\u2019emporte.<\/p>\n<p style=\"text-align: center;\"><strong>Nos fondements\u00a0: <\/strong> Nous recherchons de solides relations \u00e0 long terme avec des personnes exceptionnelles.<\/div><\/div><\/div><\/div>\n<div class=\"row \"><div class=\"wpv-grid grid-1-1  wpv-first-level first unextended animation-fade-in animated-active\" style=\"padding-top:0px;padding-bottom:0px\" id=\"wpv-column-6ffb5187567cb0d784d462485680e632\" ><\/div><\/div>\n","protected":false},"excerpt":{"rendered":"<p>David M. Star a fond\u00e9 Pier 21 Asset Management en 2005 avec pour mission d&rsquo;offrir aux investisseurs institutionnels un acc\u00e8s \u00e0 une plus grande s\u00e9lection de solutions de placement mondiales \u00e9prouv\u00e9es qui ne sont pas disponibles au Canada. V\u00e9ritable pionnier, David a \u00e9tabli des relations exclusives avec certains des gestionnaires financiers les plus uniques et&#8230;<\/p>\n","protected":false},"author":1,"featured_media":0,"parent":0,"menu_order":0,"comment_status":"closed","ping_status":"closed","template":"","meta":{"footnotes":""},"class_list":["post-10380","page","type-page","status-publish","hentry"],"yoast_head":"<!-- This site is optimized with the Yoast SEO plugin v27.0 - https:\/\/yoast.com\/product\/yoast-seo-wordpress\/ -->\n<title>Notre compagnie - Pier 21 Asset Management<\/title>\n<meta name=\"robots\" content=\"index, follow, max-snippet:-1, max-image-preview:large, max-video-preview:-1\" \/>\n<link rel=\"canonical\" href=\"http:\/\/pier21am.com\/fr\/a-propos-de-nous\/\" \/>\n<meta property=\"og:locale\" content=\"fr_FR\" \/>\n<meta property=\"og:type\" content=\"article\" \/>\n<meta property=\"og:title\" content=\"Notre compagnie - Pier 21 Asset Management\" \/>\n<meta property=\"og:description\" content=\"David M. Star a fond\u00e9 Pier 21 Asset Management en 2005 avec pour mission d&rsquo;offrir aux investisseurs institutionnels un acc\u00e8s \u00e0 une plus grande s\u00e9lection de solutions de placement mondiales \u00e9prouv\u00e9es qui ne sont pas disponibles au Canada. V\u00e9ritable pionnier, David a \u00e9tabli des relations exclusives avec certains des gestionnaires financiers les plus uniques et...\" \/>\n<meta property=\"og:url\" content=\"http:\/\/pier21am.com\/fr\/a-propos-de-nous\/\" \/>\n<meta property=\"og:site_name\" content=\"Pier 21 Asset Management\" \/>\n<meta property=\"article:modified_time\" content=\"2025-06-18T19:45:39+00:00\" \/>\n<meta name=\"twitter:card\" content=\"summary_large_image\" \/>\n<meta name=\"twitter:label1\" content=\"Dur\u00e9e de lecture estim\u00e9e\" \/>\n\t<meta name=\"twitter:data1\" content=\"3 minutes\" \/>\n<script type=\"application\/ld+json\" class=\"yoast-schema-graph\">{\"@context\":\"https:\/\/schema.org\",\"@graph\":[{\"@type\":\"WebPage\",\"@id\":\"http:\/\/pier21am.com\/fr\/a-propos-de-nous\/\",\"url\":\"http:\/\/pier21am.com\/fr\/a-propos-de-nous\/\",\"name\":\"Notre compagnie - Pier 21 Asset Management\",\"isPartOf\":{\"@id\":\"https:\/\/pier21am.com\/#website\"},\"datePublished\":\"2016-11-25T16:33:09+00:00\",\"dateModified\":\"2025-06-18T19:45:39+00:00\",\"breadcrumb\":{\"@id\":\"http:\/\/pier21am.com\/fr\/a-propos-de-nous\/#breadcrumb\"},\"inLanguage\":\"fr-FR\",\"potentialAction\":[{\"@type\":\"ReadAction\",\"target\":[\"http:\/\/pier21am.com\/fr\/a-propos-de-nous\/\"]}]},{\"@type\":\"BreadcrumbList\",\"@id\":\"http:\/\/pier21am.com\/fr\/a-propos-de-nous\/#breadcrumb\",\"itemListElement\":[{\"@type\":\"ListItem\",\"position\":1,\"name\":\"Accueil\",\"item\":\"http:\/\/pier21am.com\/fr\/\"},{\"@type\":\"ListItem\",\"position\":2,\"name\":\"Notre compagnie\"}]},{\"@type\":\"WebSite\",\"@id\":\"https:\/\/pier21am.com\/#website\",\"url\":\"https:\/\/pier21am.com\/\",\"name\":\"Pier 21 Asset Management\",\"description\":\"\",\"potentialAction\":[{\"@type\":\"SearchAction\",\"target\":{\"@type\":\"EntryPoint\",\"urlTemplate\":\"https:\/\/pier21am.com\/?s={search_term_string}\"},\"query-input\":{\"@type\":\"PropertyValueSpecification\",\"valueRequired\":true,\"valueName\":\"search_term_string\"}}],\"inLanguage\":\"fr-FR\"}]}<\/script>\n<!-- \/ Yoast SEO plugin. -->","yoast_head_json":{"title":"Notre compagnie - Pier 21 Asset Management","robots":{"index":"index","follow":"follow","max-snippet":"max-snippet:-1","max-image-preview":"max-image-preview:large","max-video-preview":"max-video-preview:-1"},"canonical":"http:\/\/pier21am.com\/fr\/a-propos-de-nous\/","og_locale":"fr_FR","og_type":"article","og_title":"Notre compagnie - Pier 21 Asset Management","og_description":"David M. Star a fond\u00e9 Pier 21 Asset Management en 2005 avec pour mission d&rsquo;offrir aux investisseurs institutionnels un acc\u00e8s \u00e0 une plus grande s\u00e9lection de solutions de placement mondiales \u00e9prouv\u00e9es qui ne sont pas disponibles au Canada. V\u00e9ritable pionnier, David a \u00e9tabli des relations exclusives avec certains des gestionnaires financiers les plus uniques et...","og_url":"http:\/\/pier21am.com\/fr\/a-propos-de-nous\/","og_site_name":"Pier 21 Asset Management","article_modified_time":"2025-06-18T19:45:39+00:00","twitter_card":"summary_large_image","twitter_misc":{"Dur\u00e9e de lecture estim\u00e9e":"3 minutes"},"schema":{"@context":"https:\/\/schema.org","@graph":[{"@type":"WebPage","@id":"http:\/\/pier21am.com\/fr\/a-propos-de-nous\/","url":"http:\/\/pier21am.com\/fr\/a-propos-de-nous\/","name":"Notre compagnie - Pier 21 Asset Management","isPartOf":{"@id":"https:\/\/pier21am.com\/#website"},"datePublished":"2016-11-25T16:33:09+00:00","dateModified":"2025-06-18T19:45:39+00:00","breadcrumb":{"@id":"http:\/\/pier21am.com\/fr\/a-propos-de-nous\/#breadcrumb"},"inLanguage":"fr-FR","potentialAction":[{"@type":"ReadAction","target":["http:\/\/pier21am.com\/fr\/a-propos-de-nous\/"]}]},{"@type":"BreadcrumbList","@id":"http:\/\/pier21am.com\/fr\/a-propos-de-nous\/#breadcrumb","itemListElement":[{"@type":"ListItem","position":1,"name":"Accueil","item":"http:\/\/pier21am.com\/fr\/"},{"@type":"ListItem","position":2,"name":"Notre compagnie"}]},{"@type":"WebSite","@id":"https:\/\/pier21am.com\/#website","url":"https:\/\/pier21am.com\/","name":"Pier 21 Asset Management","description":"","potentialAction":[{"@type":"SearchAction","target":{"@type":"EntryPoint","urlTemplate":"https:\/\/pier21am.com\/?s={search_term_string}"},"query-input":{"@type":"PropertyValueSpecification","valueRequired":true,"valueName":"search_term_string"}}],"inLanguage":"fr-FR"}]}},"_links":{"self":[{"href":"http:\/\/mail.pier21am.com\/fr\/wp-json\/wp\/v2\/pages\/10380","targetHints":{"allow":["GET"]}}],"collection":[{"href":"http:\/\/mail.pier21am.com\/fr\/wp-json\/wp\/v2\/pages"}],"about":[{"href":"http:\/\/mail.pier21am.com\/fr\/wp-json\/wp\/v2\/types\/page"}],"author":[{"embeddable":true,"href":"http:\/\/mail.pier21am.com\/fr\/wp-json\/wp\/v2\/users\/1"}],"replies":[{"embeddable":true,"href":"http:\/\/mail.pier21am.com\/fr\/wp-json\/wp\/v2\/comments?post=10380"}],"version-history":[{"count":17,"href":"http:\/\/mail.pier21am.com\/fr\/wp-json\/wp\/v2\/pages\/10380\/revisions"}],"predecessor-version":[{"id":10712,"href":"http:\/\/mail.pier21am.com\/fr\/wp-json\/wp\/v2\/pages\/10380\/revisions\/10712"}],"wp:attachment":[{"href":"http:\/\/mail.pier21am.com\/fr\/wp-json\/wp\/v2\/media?parent=10380"}],"curies":[{"name":"wp","href":"https:\/\/api.w.org\/{rel}","templated":true}]}}