{"id":10386,"date":"2014-04-23T10:34:55","date_gmt":"2014-04-23T10:34:55","guid":{"rendered":"http:\/\/pier21am.local.humanequation.co\/fr\/team\/"},"modified":"2026-02-16T14:09:58","modified_gmt":"2026-02-16T19:09:58","slug":"equipe","status":"publish","type":"page","link":"http:\/\/mail.pier21am.com\/fr\/equipe\/","title":{"rendered":"Notre \u00e9quipe"},"content":{"rendered":"<div class=\"row \"><div class=\"wpv-grid grid-1-1  wpv-first-level first unextended\" style=\"padding-top:0px;padding-bottom:0px\" id=\"wpv-column-76a10bdd40d986985fa2bf1e5285a2eb\" >\t\t<h2 class=\"text-divider-double\">\t\t\tFiables.  Connaissants.  Exp\u00e9riment\u00e9s.\t\t<\/h2>\t\t<div class=\"sep\"><\/div>\t<div class=\"row \"><div class=\"wpv-grid grid-1-2  first unextended\" style=\"padding-top:0px;padding-bottom:0px\" id=\"wpv-column-5982b1894a15adac9528d60023ad1917\" ><div class=\"team-member has-content\">\n\t\t<div class=\"team-member-info\">\n\t\t<h3>\n\t\t\t\t\t\t\tMichael H. Peck, MBA, CFA\t\t\t\t\t<\/h3>\n\t\t\t\t\t<h5 class=\"regular-title-wrapper team-member-position\"> PR\u00c9SIDENT ET CHEF DE LA DIRECTION <\/h5>\n\t\t\t\t\t\t\t\t<div class=\"share-icons clearfix\">\n\t\t\t\t\t<\/div>\n\t<\/div>\n\t\t<div class=\"team-member-bio\">\n\t\t<a title=\"Envoyer un courriel \u00e0 Michael H. Peck\" href=\"mailto:michaelpeck@pier21am.com\">michaelpeck@pier21am.com<\/a><\/p>\n<p>Michael s\u2019est joint \u00e0 Gestion des actifs Pier 21 en 2024. Il est charg\u00e9 d\u2019\u00e9laborer et de mettre en oeuvre le plan de croissance de la soci\u00e9t\u00e9 conform\u00e9ment \u00e0 ses objectifs strat\u00e9giques. En plus d\u2019assurer la liaison avec les conseillers en pension, il veille \u00e0 ce que les besoins d\u2019investissement des clients correspondent aux strat\u00e9gies d\u2019investissement de Pier 21. Il dirige l&rsquo;\u00e9quipe de Pier 21 au Canada et cherche \u00e0 \u00e9tablir des relations exclusives avec certains des gestionnaires de fonds les plus comp\u00e9tents et uniques \u00e0 l&rsquo;ext\u00e9rieur du Canada. Avant de se joindre \u00e0 Pier 21, il a dirig\u00e9 le bureau canadien d\u2019une grande soci\u00e9t\u00e9 internationale de gestion d\u2019investissements. Au cours de ses 25 ann\u00e9es d\u2019exp\u00e9rience en gestion d\u2019investissements, Michael a surtout d\u00e9velopp\u00e9 avec succ\u00e8s des entreprises de gestion d\u2019actifs institutionnels.\t<\/div>\n\t<\/div>\n<\/div>\n<div class=\"wpv-grid grid-1-2  unextended\" style=\"padding-top:0px;padding-bottom:0px\" id=\"wpv-column-a7591895b5e2dbd7200823dc8f280f68\" ><div class=\"team-member has-content\">\n\t\t<div class=\"team-member-info\">\n\t\t<h3>\n\t\t\t\t\t\t\t\u00c9ric Boss\u00e9, CFA\t\t\t\t\t<\/h3>\n\t\t\t\t\t<h5 class=\"regular-title-wrapper team-member-position\"> VICE-PR\u00c9SIDENT PRINCIPAL, FONDS COMMUNS ET OP\u00c9RATIONS ET CHEF DE LA CONFORMIT\u00c9 <\/h5>\n\t\t\t\t\t\t\t\t<div class=\"share-icons clearfix\">\n\t\t\t\t\t<\/div>\n\t<\/div>\n\t\t<div class=\"team-member-bio\">\n\t\t<a title=\"Envoyer un courriel \u00e0 \u00c9ric Boss\u00e9\" href=\"mailto:ericbosse@pier21am.com\">ericbosse@pier21am.com<\/a><\/p>\n<p>\u00c9ric s\u2019est joint \u00e0 Gestion des actifs Pier 21 en 2016. Il supervise les fonds communs institutionnels de la firme et dirige le d\u00e9veloppement dynamique de la plateforme op\u00e9rationnelle afin que les besoins vari\u00e9s et complexes des clients institutionnels soient bien servis et qu\u2019ils re\u00e7oivent continuellement de l\u2019information pertinente et exacte. Il est \u00e9galement le chef de la conformit\u00e9 de la soci\u00e9t\u00e9. Avant de se joindre \u00e0 Pier 21, \u00c9ric a dirig\u00e9 la fonction de gestion des produits et a occup\u00e9 un poste de cadre sup\u00e9rieur chez un courtier en fonds communs de placement d\u2019une grande institution financi\u00e8re qu\u00e9b\u00e9coise. Il poss\u00e8de plus de 20 ans d\u2019exp\u00e9rience dans l\u2019industrie financi\u00e8re.\t<\/div>\n\t<\/div>\n<\/div><\/div>\n<div class=\"push\" style='height:20px'><\/div>\n<div class=\"row \"><div class=\"wpv-grid grid-1-2  first unextended\" style=\"padding-top:0px;padding-bottom:0px\" id=\"wpv-column-3cb489c134b18c7e17f96b7a35a51183\" ><div class=\"team-member has-content\">\n\t\t<div class=\"team-member-info\">\n\t\t<h3>\n\t\t\t\t\t\t\tPatrick Dor\u00e9, CFA\t\t\t\t\t<\/h3>\n\t\t\t\t\t<h5 class=\"regular-title-wrapper team-member-position\"> DIRECTEUR, GESTION DES RELATIONS CLIENT\u00c8LE INSTITUTIONNELLE <\/h5>\n\t\t\t\t\t\t\t\t<div class=\"share-icons clearfix\">\n\t\t\t\t\t<\/div>\n\t<\/div>\n\t\t<div class=\"team-member-bio\">\n\t\t<a href=\"mailto:patrickdore@pier21am.com\">patrickdore@pier21am.com<\/a><\/p>\n<p>Patrick a rejoint Pier 21 Asset Management en 2026. Dans le cadre de ses fonctions, il soutient les efforts de l&rsquo;entreprise visant \u00e0 \u00e9tablir et \u00e0 maintenir des relations durables et \u00e0 long terme avec les clients, les consultants et les sous-conseillers partenaires. Ses responsabilit\u00e9s comprennent la pr\u00e9paration de rapports, de communications ainsi que l&rsquo;int\u00e9grit\u00e9 des donn\u00e9es internes et externes utilis\u00e9es dans l&rsquo;ensemble de l&rsquo;entreprise. Avant de rejoindre Pier 21, Patrick a occup\u00e9 divers postes au sein de grandes soci\u00e9t\u00e9s canadiennes de gestion d&rsquo;actifs dans les domaines du d\u00e9veloppement d\u2019affaires, des op\u00e9rations et de la gestion de produits, travaillant en \u00e9troite collaboration avec des clients institutionnels dans le cadre de ces fonctions. Il poss\u00e8de pr\u00e8s de 10 ans d&rsquo;exp\u00e9rience dans le secteur de la gestion d&rsquo;actifs.\t<\/div>\n\t<\/div>\n<\/div>\n<div class=\"wpv-grid grid-1-2  unextended\" style=\"padding-top:0px;padding-bottom:0px\" id=\"wpv-column-f1823f3255625f42402ca151dcbe5102\" ><div class=\"team-member has-content\">\n\t\t<div class=\"team-member-info\">\n\t\t<h3>\n\t\t\t\t\t\t\tSalvatore Porporino\t\t\t\t\t<\/h3>\n\t\t\t\t\t<h5 class=\"regular-title-wrapper team-member-position\"> DIRECTEUR, OP\u00c9RATIONS <\/h5>\n\t\t\t\t\t\t\t\t<div class=\"share-icons clearfix\">\n\t\t\t\t\t<\/div>\n\t<\/div>\n\t\t<div class=\"team-member-bio\">\n\t\t<a title=\"Envoyer un courriel \u00e0 Salvatore Porporino\" href=\"mailto:salporporino@pier21am.com\">salporporino@pier21am.com<\/a><\/p>\n<p>Salvatore s\u2019est joint \u00e0 Gestion des actifs Pier 21 en 2022. Il g\u00e8re au quotidien divers \u00e9l\u00e9ments de la plateforme administrative et op\u00e9rationnelle de la soci\u00e9t\u00e9 afin d\u2019assurer une exp\u00e9rience client fluide et efficace. Avant de se joindre \u00e0 la soci\u00e9t\u00e9, Salvatore a occup\u00e9 des postes \u00e0 responsabilit\u00e9 croissante au sein d\u2019une grande soci\u00e9t\u00e9 de gestion d\u2019actifs appartenant \u00e0 une banque, en dernier lieu en tant que superviseur principal. Il travaille dans le secteur financier depuis 2017.<br \/>\t<\/div>\n\t<\/div>\n<\/div><\/div><\/div><\/div>\n","protected":false},"excerpt":{"rendered":"","protected":false},"author":1,"featured_media":0,"parent":0,"menu_order":0,"comment_status":"closed","ping_status":"closed","template":"","meta":{"footnotes":""},"class_list":["post-10386","page","type-page","status-publish","hentry"],"yoast_head":"<!-- This site is optimized with the Yoast SEO plugin v27.0 - https:\/\/yoast.com\/product\/yoast-seo-wordpress\/ -->\n<title>Notre \u00e9quipe - Pier 21 Asset Management<\/title>\n<meta name=\"robots\" content=\"index, follow, max-snippet:-1, max-image-preview:large, max-video-preview:-1\" \/>\n<link rel=\"canonical\" href=\"https:\/\/pier21am.com\/fr\/equipe\/\" \/>\n<meta property=\"og:locale\" content=\"fr_FR\" \/>\n<meta property=\"og:type\" content=\"article\" \/>\n<meta property=\"og:title\" content=\"Notre \u00e9quipe - Pier 21 Asset Management\" \/>\n<meta property=\"og:url\" content=\"https:\/\/pier21am.com\/fr\/equipe\/\" \/>\n<meta property=\"og:site_name\" content=\"Pier 21 Asset Management\" \/>\n<meta property=\"article:modified_time\" content=\"2026-02-16T19:09:58+00:00\" \/>\n<meta name=\"twitter:card\" content=\"summary_large_image\" \/>\n<meta name=\"twitter:label1\" content=\"Dur\u00e9e de lecture estim\u00e9e\" \/>\n\t<meta name=\"twitter:data1\" content=\"3 minutes\" \/>\n<script type=\"application\/ld+json\" class=\"yoast-schema-graph\">{\"@context\":\"https:\/\/schema.org\",\"@graph\":[{\"@type\":\"WebPage\",\"@id\":\"https:\/\/pier21am.com\/fr\/equipe\/\",\"url\":\"https:\/\/pier21am.com\/fr\/equipe\/\",\"name\":\"Notre \u00e9quipe - Pier 21 Asset Management\",\"isPartOf\":{\"@id\":\"https:\/\/pier21am.com\/#website\"},\"datePublished\":\"2014-04-23T10:34:55+00:00\",\"dateModified\":\"2026-02-16T19:09:58+00:00\",\"breadcrumb\":{\"@id\":\"https:\/\/pier21am.com\/fr\/equipe\/#breadcrumb\"},\"inLanguage\":\"fr-FR\",\"potentialAction\":[{\"@type\":\"ReadAction\",\"target\":[\"https:\/\/pier21am.com\/fr\/equipe\/\"]}]},{\"@type\":\"BreadcrumbList\",\"@id\":\"https:\/\/pier21am.com\/fr\/equipe\/#breadcrumb\",\"itemListElement\":[{\"@type\":\"ListItem\",\"position\":1,\"name\":\"Accueil\",\"item\":\"http:\/\/pier21am.com\/fr\/\"},{\"@type\":\"ListItem\",\"position\":2,\"name\":\"Notre \u00e9quipe\"}]},{\"@type\":\"WebSite\",\"@id\":\"https:\/\/pier21am.com\/#website\",\"url\":\"https:\/\/pier21am.com\/\",\"name\":\"Pier 21 Asset Management\",\"description\":\"\",\"potentialAction\":[{\"@type\":\"SearchAction\",\"target\":{\"@type\":\"EntryPoint\",\"urlTemplate\":\"https:\/\/pier21am.com\/?s={search_term_string}\"},\"query-input\":{\"@type\":\"PropertyValueSpecification\",\"valueRequired\":true,\"valueName\":\"search_term_string\"}}],\"inLanguage\":\"fr-FR\"}]}<\/script>\n<!-- \/ Yoast SEO plugin. -->","yoast_head_json":{"title":"Notre \u00e9quipe - Pier 21 Asset Management","robots":{"index":"index","follow":"follow","max-snippet":"max-snippet:-1","max-image-preview":"max-image-preview:large","max-video-preview":"max-video-preview:-1"},"canonical":"https:\/\/pier21am.com\/fr\/equipe\/","og_locale":"fr_FR","og_type":"article","og_title":"Notre \u00e9quipe - Pier 21 Asset Management","og_url":"https:\/\/pier21am.com\/fr\/equipe\/","og_site_name":"Pier 21 Asset Management","article_modified_time":"2026-02-16T19:09:58+00:00","twitter_card":"summary_large_image","twitter_misc":{"Dur\u00e9e de lecture estim\u00e9e":"3 minutes"},"schema":{"@context":"https:\/\/schema.org","@graph":[{"@type":"WebPage","@id":"https:\/\/pier21am.com\/fr\/equipe\/","url":"https:\/\/pier21am.com\/fr\/equipe\/","name":"Notre \u00e9quipe - Pier 21 Asset Management","isPartOf":{"@id":"https:\/\/pier21am.com\/#website"},"datePublished":"2014-04-23T10:34:55+00:00","dateModified":"2026-02-16T19:09:58+00:00","breadcrumb":{"@id":"https:\/\/pier21am.com\/fr\/equipe\/#breadcrumb"},"inLanguage":"fr-FR","potentialAction":[{"@type":"ReadAction","target":["https:\/\/pier21am.com\/fr\/equipe\/"]}]},{"@type":"BreadcrumbList","@id":"https:\/\/pier21am.com\/fr\/equipe\/#breadcrumb","itemListElement":[{"@type":"ListItem","position":1,"name":"Accueil","item":"http:\/\/pier21am.com\/fr\/"},{"@type":"ListItem","position":2,"name":"Notre \u00e9quipe"}]},{"@type":"WebSite","@id":"https:\/\/pier21am.com\/#website","url":"https:\/\/pier21am.com\/","name":"Pier 21 Asset Management","description":"","potentialAction":[{"@type":"SearchAction","target":{"@type":"EntryPoint","urlTemplate":"https:\/\/pier21am.com\/?s={search_term_string}"},"query-input":{"@type":"PropertyValueSpecification","valueRequired":true,"valueName":"search_term_string"}}],"inLanguage":"fr-FR"}]}},"_links":{"self":[{"href":"http:\/\/mail.pier21am.com\/fr\/wp-json\/wp\/v2\/pages\/10386","targetHints":{"allow":["GET"]}}],"collection":[{"href":"http:\/\/mail.pier21am.com\/fr\/wp-json\/wp\/v2\/pages"}],"about":[{"href":"http:\/\/mail.pier21am.com\/fr\/wp-json\/wp\/v2\/types\/page"}],"author":[{"embeddable":true,"href":"http:\/\/mail.pier21am.com\/fr\/wp-json\/wp\/v2\/users\/1"}],"replies":[{"embeddable":true,"href":"http:\/\/mail.pier21am.com\/fr\/wp-json\/wp\/v2\/comments?post=10386"}],"version-history":[{"count":64,"href":"http:\/\/mail.pier21am.com\/fr\/wp-json\/wp\/v2\/pages\/10386\/revisions"}],"predecessor-version":[{"id":10728,"href":"http:\/\/mail.pier21am.com\/fr\/wp-json\/wp\/v2\/pages\/10386\/revisions\/10728"}],"wp:attachment":[{"href":"http:\/\/mail.pier21am.com\/fr\/wp-json\/wp\/v2\/media?parent=10386"}],"curies":[{"name":"wp","href":"https:\/\/api.w.org\/{rel}","templated":true}]}}